{"id":794,"date":"2021-02-08T10:39:48","date_gmt":"2021-02-08T10:39:48","guid":{"rendered":"http:\/\/el.commonsupport.com\/newwp\/autorex\/?page_id=794"},"modified":"2022-09-06T12:44:28","modified_gmt":"2022-09-06T10:44:28","slug":"tyre-wheels","status":"publish","type":"page","link":"https:\/\/motorszlif.com\/index.php\/services-1\/tyre-wheels\/","title":{"rendered":"planowanie g\u0142owicy"},"content":{"rendered":"\t\t<div data-elementor-type=\"wp-page\" data-elementor-id=\"794\" class=\"elementor elementor-794\" data-elementor-settings=\"[]\">\n\t\t\t\t\t\t\t<div class=\"elementor-section-wrap\">\n\t\t\t\t\t\t\t<section class=\"elementor-section elementor-top-section elementor-element elementor-element-d3829fe elementor-section-full_width elementor-section-height-default elementor-section-height-default\" data-id=\"d3829fe\" data-element_type=\"section\">\n\t\t\t\t\t\t<div class=\"elementor-container elementor-column-gap-default\">\n\t\t\t\t\t<div class=\"elementor-column elementor-col-100 elementor-top-column elementor-element elementor-element-6db191b\" data-id=\"6db191b\" data-element_type=\"column\">\n\t\t\t<div class=\"elementor-widget-wrap elementor-element-populated\">\n\t\t\t\t\t\t\t\t<div class=\"elementor-element elementor-element-c69280f elementor-widget elementor-widget-autorex_service_details\" data-id=\"c69280f\" data-element_type=\"widget\" data-widget_type=\"autorex_service_details.default\">\n\t\t\t\t<div class=\"elementor-widget-container\">\n\t\t\t        \n        <!--Sidebar Page Container-->\n\t\t<div class=\"sidebar-page-container\">\n\t\t\t<div class=\"auto-container\">\n\t\t\t\t<div class=\"row\">\n\t\t\t\t\t<!--Content Side-->\n\t\t\t\t\t<div class=\"content-side col-xl-9 col-lg-8 order-lg-2\">\n\t\t\t\t\t\t<div class=\"services-single\">\n\t\t\t\t\t\t\t<div class=\"inner-box\">\n\t\t\t\t\t\t\t\t<div class=\"big-image\">\n\t\t\t\t\t\t\t\t\t<img decoding=\"async\" src=\"https:\/\/motorszlif.com\/wp-content\/uploads\/2022\/01\/pngwing.com12.png\" alt=\"Awesome Image\" \/>\n\t\t\t\t\t\t\t\t<\/div>\n\t\t\t\t\t\t\t\t<h2>Planowanie - wyr\u00f3wnywanie powierzchni g\u0142owicy<\/h2>\n\t\t\t\t\t\t\t\t<div class=\"text\">\n\t\t\t\t\t\t\t\t\t<p><strong>Planowania\u00a0g\u0142owicy<\/strong>\u00a0to \u00a0precyzyjne wyr\u00f3wnanie powierzchni przylegaj\u0105cej bezpo\u015brednio do <b>bloku<\/b> silnika, za po\u015brednictwem frezarki. Dzi\u0119ki temu otrzymuje si\u0119 idealnie g\u0142adk\u0105 powierzchni\u0119. Pozwala to na unikni\u0119cie przedmuch\u00f3w czy rozszczelnienia.<\/p><p>\u00a0Dzi\u0119ki odpowiedniemu wyr\u00f3wnaniu powierzchni g\u0142owicy mo\u017cemy mie\u0107 pewno\u015b\u0107 \u017ce po zainstalowaniu jej w silniku b\u0119dzie ona sprawnie dzia\u0142a\u0142a a powierzchnia styku zapewni idealn\u0105 szczelno\u015b\u0107 wszystkich kana\u0142\u00f3w po mi\u0119dzy blokiem silnika a g\u0142owic\u0105.<\/p>\t\t\t\t\t\t\t\t\t<div class=\"two-column\">\n\t\t\t\t\t\t\t\t\t\t<div class=\"row clearfix\">\n\t\t\t\t\t\t\t\t\t\t\t<div class=\"content-column col-md-6\">\n\t\t\t\t\t\t\t\t\t\t\t\t<div class=\"inner-column right-padd\">\n\t\t\t\t\t\t\t\t\t\t\t\t\t<h3>Benefit of Service<\/h3>\n\t\t\t\t\t\t\t\t\t\t\t\t\t<p>Planowanie powierzchni czyli jej wyr\u00f3wnanie to wa\u017cna czynno\u015b\u0107 kt\u00f3r\u0105 powinno si\u0119 wykona\u0107 przed monta\u017cem g\u0142owicy w silniku.<\/p>\n\t\t\t\t\t\t\t\t\t\t\t\t\t\t\t\t\t\t\t\t\t\t\t\t\t\t<ul class=\"list-style-four\">\n\t\t\t\t\t\t\t\t\t\t\t\t\t\t\t\t\t\t\t\t\t\t\t\t\t\t\t\t<li>Those who do not know how to pursue<\/li>\n\t\t\t\t\t\t\t\t\t\t\t\t\t\t\t\t\t\t\t\t\t\t\t\t\t\t\t\t<li>Pleasure rationally encounter<\/li>\n\t\t\t\t\t\t\t\t\t\t\t\t\t\t\t\t\t\t\t\t\t\t\t\t\t\t\t\t<li>Consequences that are extremely painful.<\/li>\n\t\t\t\t\t\t\t\t\t\t\t\t\t\t\t\t\t\t\t\t\t\t\t\t\t\t\t\t<li>Nor again is there anyone who loves or pursues<\/li>\n\t\t\t\t\t\t\t\t\t\t\t\t\t\t\t\t\t\t\t\t\t\t\t\t\t\t\t<\/ul>\n\t\t\t\t\t\t\t\t\t\t\t\t\t\t\t\t\t\t\t\t\t\t\t\t\t<\/div>\n\t\t\t\t\t\t\t\t\t\t\t<\/div>\n\t\t\t\t\t\t\t\t\t\t\t<div class=\"image-column col-md-6\">\n\t\t\t\t\t\t\t\t\t\t\t\t<div class=\"image\">\n\t\t\t\t\t\t\t\t\t\t\t\t\t<img decoding=\"async\" src=\"https:\/\/motorszlif.com\/wp-content\/uploads\/2022\/01\/MG_6595.jpg\" alt=\"Awesome Image\" \/>\n\t\t\t\t\t\t\t\t\t\t\t\t<\/div>\n\t\t\t\t\t\t\t\t\t\t\t<\/div>\n\t\t\t\t\t\t\t\t\t\t<\/div>\n\t\t\t\t\t\t\t\t\t<\/div>\n\t\t\t\t\t\t\t\t<\/div>\n\n\t\t\t\t\t\t\t\t<div class=\"facts\">\n\t\t\t\t\t\t\t\t\t<h3>Najwa\u017cniejsze fakty<\/h3>\n\t\t\t\t\t\t\t\t\t<div class=\"text\">Our management consulting services focus on our clients most critical issues and opportunities strategy marketing organization operations, technology transformation digital.<\/div>\n\t\t\t\t\t\t\t\t<\/div>\n\n\t\t\t\t\t\t\t\t<div class=\"featured-blocks\">\n\t\t\t\t\t\t\t\t\t<div class=\"row\">\n\t\t\t\t\t\t\t\t\t\t\t\t\t\t\t\t\t\t\t\t<!--Featured Block-->\n\t\t\t\t\t\t\t\t\t\t<div class=\"featured-block col-md-6\">\n\t\t\t\t\t\t\t\t\t\t\t<div class=\"featured-inner\">\n\t\t\t\t\t\t\t\t\t\t\t\t<div class=\"content\">\n\t\t\t\t\t\t\t\t\t\t\t\t\t<div class=\"icon-box\">\n\t\t\t\t\t\t\t\t\t\t\t\t\t\t<span class=\"icon icon flaticon-work-team\"><\/span>\n\t\t\t\t\t\t\t\t\t\t\t\t\t<\/div>\n\t\t\t\t\t\t\t\t\t\t\t\t\t<h3>Kiedy planowanie<\/h3>\n\t\t\t\t\t\t\t\t\t\t\t\t\t<div class=\"text\">Je\u015bli p\u0142aszczyzna bloku w miejscu przylegania uszczelki g\u0142owicy nie jest prosta zaleca si\u0119 planowanie. <\/div>\n\t\t\t\t\t\t\t\t\t\t\t\t<\/div>\n\t\t\t\t\t\t\t\t\t\t\t<\/div>\n\t\t\t\t\t\t\t\t\t\t<\/div>\n\t\t\t\t\t\t\t\t\t\t\t\t\t\t\t\t\t\t\t\t<!--Featured Block-->\n\t\t\t\t\t\t\t\t\t\t<div class=\"featured-block col-md-6\">\n\t\t\t\t\t\t\t\t\t\t\t<div class=\"featured-inner\">\n\t\t\t\t\t\t\t\t\t\t\t\t<div class=\"content\">\n\t\t\t\t\t\t\t\t\t\t\t\t\t<div class=\"icon-box\">\n\t\t\t\t\t\t\t\t\t\t\t\t\t\t<span class=\"icon icon flaticon-deadline\"><\/span>\n\t\t\t\t\t\t\t\t\t\t\t\t\t<\/div>\n\t\t\t\t\t\t\t\t\t\t\t\t\t<h3>Planowanie bloku<\/h3>\n\t\t\t\t\t\t\t\t\t\t\t\t\t<div class=\"text\">Nale\u017cy tak\u017ce splanowa\u0107 blok je\u015bli by\u0142y wymieniane tuleje. <\/div>\n\t\t\t\t\t\t\t\t\t\t\t\t<\/div>\n\t\t\t\t\t\t\t\t\t\t\t<\/div>\n\t\t\t\t\t\t\t\t\t\t<\/div>\n\t\t\t\t\t\t\t\t\t\t\t\t\t\t\t\t\t\t\t\t<!--Featured Block-->\n\t\t\t\t\t\t\t\t\t\t<div class=\"featured-block col-md-6\">\n\t\t\t\t\t\t\t\t\t\t\t<div class=\"featured-inner\">\n\t\t\t\t\t\t\t\t\t\t\t\t<div class=\"content\">\n\t\t\t\t\t\t\t\t\t\t\t\t\t<div class=\"icon-box\">\n\t\t\t\t\t\t\t\t\t\t\t\t\t\t<span class=\"icon icon flaticon-manufacture\"><\/span>\n\t\t\t\t\t\t\t\t\t\t\t\t\t<\/div>\n\t\t\t\t\t\t\t\t\t\t\t\t\t<h3>Proces wyr\u00f3wnania <\/h3>\n\t\t\t\t\t\t\t\t\t\t\t\t\t<div class=\"text\">Proces wyr\u00f3wnania powierzchni bloku wykonuje si\u0119 na p\u0142aszczy\u017anie do p\u0142aszczyzn.<\/div>\n\t\t\t\t\t\t\t\t\t\t\t\t<\/div>\n\t\t\t\t\t\t\t\t\t\t\t<\/div>\n\t\t\t\t\t\t\t\t\t\t<\/div>\n\t\t\t\t\t\t\t\t\t\t\t\t\t\t\t\t\t\t\t\t<!--Featured Block-->\n\t\t\t\t\t\t\t\t\t\t<div class=\"featured-block col-md-6\">\n\t\t\t\t\t\t\t\t\t\t\t<div class=\"featured-inner\">\n\t\t\t\t\t\t\t\t\t\t\t\t<div class=\"content\">\n\t\t\t\t\t\t\t\t\t\t\t\t\t<div class=\"icon-box\">\n\t\t\t\t\t\t\t\t\t\t\t\t\t\t<span class=\"icon icon flaticon-badge\"><\/span>\n\t\t\t\t\t\t\t\t\t\t\t\t\t<\/div>\n\t\t\t\t\t\t\t\t\t\t\t\t\t<h3>Technologia<\/h3>\n\t\t\t\t\t\t\t\t\t\t\t\t\t<div class=\"text\">Nasze maszyny pozwalaj\u0105 osi\u0105gn\u0105\u0107 wysok\u0105 jako\u015b\u0107 wyko\u0144czenia obrabianych powierzchni.<\/div>\n\t\t\t\t\t\t\t\t\t\t\t\t<\/div>\n\t\t\t\t\t\t\t\t\t\t\t<\/div>\n\t\t\t\t\t\t\t\t\t\t<\/div>\n\t\t\t\t\t\t\t\t\t\t\t\t\t\t\t\t\t\t\t<\/div>\n\t\t\t\t\t\t\t\t<\/div>\n\n\t\t\t\t\t\t\t\t<!--Accordian Boxed-->\n\t\t\t\t\t\t\t\t<div class=\"accordian-boxed\">\n\t\t\t\t\t\t\t\t\t<h3>Wi\u0119cej informacji<\/h3>\n\t\t\t\t\t\t\t\t\t<!--Accordian Box-->\n\t\t\t\t\t\t\t\t\t<ul class=\"accordion-box style-three\">\n\t\t\t\t\t\t\t\t\t\t\t\t\t\t\t\t\t\t\t\t<!--Block-->\n\t\t\t\t\t\t\t\t\t\t<li class=\"accordion block active-block\">\n\t\t\t\t\t\t\t\t\t\t\t<div class=\"acc-btn active\"><div class=\"icon-outer\"><span class=\"icon icon-plus fa fa-plus\"><\/span> <span class=\"icon icon-minus fa fa-minus\"><\/span><\/div>Gdy warstwa materia\u0142u zebrana jest du\u017ca <\/div>\n\t\t\t\t\t\t\t\t\t\t\t<div class=\"acc-content current\">\n\t\t\t\t\t\t\t\t\t\t\t\t<div class=\"content\">\n\t\t\t\t\t\t\t\t\t\t\t\t\t<div class=\"text\">W wypadku gdy warstwa materia\u0142u zebrana podczas planowania jest du\u017ca nale\u017cy tak\u017ce odpowiednio obni\u017cy\u0107 gniazda zawor\u00f3w oraz przeszlifowa\u0107 i dotrze\u0107 zawory.\u00a0\n<\/div>\n\t\t\t\t\t\t\t\t\t\t\t\t<\/div>\n\t\t\t\t\t\t\t\t\t\t\t<\/div>\n\t\t\t\t\t\t\t\t\t\t<\/li>\n\t\t\t\t\t\t\t\t\t\t\t\t\t\t\t\t\t\t\t\t<!--Block-->\n\t\t\t\t\t\t\t\t\t\t<li class=\"accordion block \">\n\t\t\t\t\t\t\t\t\t\t\t<div class=\"acc-btn \"><div class=\"icon-outer\"><span class=\"icon icon-plus fa fa-plus\"><\/span> <span class=\"icon icon-minus fa fa-minus\"><\/span><\/div>Szczelno\u015b\u0107<\/div>\n\t\t\t\t\t\t\t\t\t\t\t<div class=\"acc-content \">\n\t\t\t\t\t\t\t\t\t\t\t\t<div class=\"content\">\n\t\t\t\t\t\t\t\t\t\t\t\t\t<div class=\"text\">Dzi\u0119ki splanowaniu czyli wyr\u00f3wnaniu powierzchni uzyskuje ona idealn\u0105 g\u0142ad\u017a i zapewnia szczelno\u015b\u0107 uszczelki po zamontowaniu g\u0142owicy w bloku silnika.<\/div>\n\t\t\t\t\t\t\t\t\t\t\t\t<\/div>\n\t\t\t\t\t\t\t\t\t\t\t<\/div>\n\t\t\t\t\t\t\t\t\t\t<\/li>\n\t\t\t\t\t\t\t\t\t\t\t\t\t\t\t\t\t\t\t<\/ul>\n\t\t\t\t\t\t\t\t<\/div>\n\t\t\t\t\t\t\t<\/div>\n\t\t\t\t\t\t<\/div>\n\t\t\t\t\t<\/div>\n\t\t\t\t\t\n\t\t\t\t\t<!--Sidebar Side-->\n\t\t\t\t\t<div class=\"sidebar-side col-xl-3 col-lg-4\">\n\t\t\t\t\t\t<aside class=\"sidebar\">\n\t\t\t\t\t\t\t<div id=\"nav_menu-3\" class=\"services-widget widget_nav_menu\"><div class=\"menu-services-menu-container\"><ul id=\"menu-services-menu\" class=\"menu\"><li id=\"menu-item-807\" class=\"menu-item menu-item-type-post_type menu-item-object-page menu-item-807\"><a href=\"https:\/\/motorszlif.com\/index.php\/services-1\/break-repair-service\/\">Regeneracja g\u0142owic<\/a><\/li>\n<li id=\"menu-item-809\" class=\"menu-item menu-item-type-post_type menu-item-object-page menu-item-809\"><a href=\"https:\/\/motorszlif.com\/index.php\/services-1\/engine-service-repair\/\">Szlifowanie cylindr\u00f3w<\/a><\/li>\n<li id=\"menu-item-811\" class=\"menu-item menu-item-type-post_type menu-item-object-page menu-item-811\"><a href=\"https:\/\/motorszlif.com\/index.php\/services-1\/tyre-wheels\/\">planowanie g\u0142owicy<\/a><\/li>\n<li id=\"menu-item-810\" class=\"menu-item menu-item-type-post_type menu-item-object-page menu-item-810\"><a href=\"https:\/\/motorszlif.com\/index.php\/services-1\/power-energy\/\">Szczelno\u015bci g\u0142owic<\/a><\/li>\n<li id=\"menu-item-812\" class=\"menu-item menu-item-type-post_type menu-item-object-page menu-item-812\"><a href=\"https:\/\/motorszlif.com\/index.php\/services-1\/denting-painting\/\">Szlifowanie wa\u0142\u00f3w<\/a><\/li>\n<li id=\"menu-item-813\" class=\"menu-item menu-item-type-post_type menu-item-object-page menu-item-813\"><a href=\"https:\/\/motorszlif.com\/index.php\/services-1\/general-service-washing\/\">Osiowanie bloku<\/a><\/li>\n<\/ul><\/div><\/div><div id=\"autorex_brouchers-1\" class=\"services-widget widget_autorex_brouchers\">\t\t\n\t\t<!--Brochure-->\n\t\t<div class=\"brochure-widget\">\n\t\t\t\n\t\t\t\t\t\t<div class=\"brochure-box\">\n\t\t\t\t<div class=\"inner\">\n\t\t\t\t\t<span class=\"icon far fa-file-pdf\"><\/span>\n\t\t\t\t\t<div class=\"text\">PDF. Download<\/div>\n\t\t\t\t<\/div>\n\t\t\t\t<a href=\"#\" class=\"overlay-link\"><\/a>\n\t\t\t<\/div>\n\t\t\t\t\t\t\n\t\t\t\t\t\t<div class=\"brochure-box\">\n\t\t\t\t<div class=\"inner\">\n\t\t\t\t\t<span class=\"icon far fa-file-alt\"><\/span>\n\t\t\t\t\t<div class=\"text\">DOC. Download<\/div>\n\t\t\t\t<\/div>\n\t\t\t\t<a href=\"#\" class=\"overlay-link\"><\/a>\n\t\t\t<\/div>\n\t\t\t\n\t\t<\/div>\n\n        <\/div><div id=\"autorex_contact_info-1\" class=\"services-widget widget_autorex_contact_info\">      \t\n\t\t<!--Contact Widhet-->\n\t\t<div class=\"sidebar-widget contact-info-widget\">\n\t\t\t<div class=\"sidebar-title style-two\"><h2>Kontakt<\/h2><\/div>\t\t\t<div class=\"inner-box\">\n\t\t\t\t<ul>\n\t\t\t\t\t\t\t\t\t\t<li><span class=\"icon fas fa-phone\"><\/span>+48 512 080 464<\/li>\n\t\t\t\t\t\t\t\t\t\t\n\t\t\t\t\t\t\t\t\t\t<li><span class=\"icon fas fa-paper-plane\"><\/span>Szczecin, ul. Lubelska 20<\/li>\n\t\t\t\t\t\t\t\t\t<\/ul>\n\t\t\t<\/div>\n\t\t<\/div>\n\n        <\/div>\t\t\t\t\t\t<\/aside>\n\t\t\t\t\t<\/div>\n\t\t\t\t<\/div>\n\t\t\t<\/div>\n\t\t<\/div>\n        \n        \t\t<\/div>\n\t\t\t\t<\/div>\n\t\t\t\t\t<\/div>\n\t\t<\/div>\n\t\t\t\t\t\t\t<\/div>\n\t\t<\/section>\n\t\t\t\t\t\t<\/div>\n\t\t\t\t\t<\/div>\n\t\t","protected":false},"excerpt":{"rendered":"<p>Planowanie &#8211; wyr\u00f3wnywanie powierzchni g\u0142owicy Planowania&nbsp;g\u0142owicy&nbsp;to &nbsp;precyzyjne wyr\u00f3wnanie powierzchni przylegaj\u0105cej bezpo\u015brednio do bloku silnika, za po\u015brednictwem frezarki. Dzi\u0119ki temu otrzymuje si\u0119 idealnie g\u0142adk\u0105 powierzchni\u0119. Pozwala to na unikni\u0119cie przedmuch\u00f3w czy rozszczelnienia. &nbsp;Dzi\u0119ki odpowiedniemu wyr\u00f3wnaniu powierzchni g\u0142owicy mo\u017cemy mie\u0107 pewno\u015b\u0107 \u017ce po zainstalowaniu jej w silniku b\u0119dzie ona sprawnie dzia\u0142a\u0142a a powierzchnia styku zapewni idealn\u0105 szczelno\u015b\u0107 [&hellip;]<\/p>\n","protected":false},"author":1,"featured_media":0,"parent":402,"menu_order":0,"comment_status":"closed","ping_status":"closed","template":"tpl-default-elementor.php","meta":{"footnotes":""},"class_list":["post-794","page","type-page","status-publish","hentry"],"_links":{"self":[{"href":"https:\/\/motorszlif.com\/index.php\/wp-json\/wp\/v2\/pages\/794","targetHints":{"allow":["GET"]}}],"collection":[{"href":"https:\/\/motorszlif.com\/index.php\/wp-json\/wp\/v2\/pages"}],"about":[{"href":"https:\/\/motorszlif.com\/index.php\/wp-json\/wp\/v2\/types\/page"}],"author":[{"embeddable":true,"href":"https:\/\/motorszlif.com\/index.php\/wp-json\/wp\/v2\/users\/1"}],"replies":[{"embeddable":true,"href":"https:\/\/motorszlif.com\/index.php\/wp-json\/wp\/v2\/comments?post=794"}],"version-history":[{"count":6,"href":"https:\/\/motorszlif.com\/index.php\/wp-json\/wp\/v2\/pages\/794\/revisions"}],"predecessor-version":[{"id":1498,"href":"https:\/\/motorszlif.com\/index.php\/wp-json\/wp\/v2\/pages\/794\/revisions\/1498"}],"up":[{"embeddable":true,"href":"https:\/\/motorszlif.com\/index.php\/wp-json\/wp\/v2\/pages\/402"}],"wp:attachment":[{"href":"https:\/\/motorszlif.com\/index.php\/wp-json\/wp\/v2\/media?parent=794"}],"curies":[{"name":"wp","href":"https:\/\/api.w.org\/{rel}","templated":true}]}}